{"id":56,"date":"2024-06-13T05:05:47","date_gmt":"2024-06-13T05:05:47","guid":{"rendered":"https:\/\/veselikosmatincki.si\/?page_id=56"},"modified":"2024-09-19T09:33:45","modified_gmt":"2024-09-19T07:33:45","slug":"domov","status":"publish","type":"page","link":"https:\/\/veselikosmatincki.si\/?page_id=56","title":{"rendered":"Kdo smo Veseli Kosmatin\u010dki ??"},"content":{"rendered":"\n<p><strong>Mitja <\/strong>:<br> \u017de od malih nog se ukvarjam s psi. Prvotno ljubkovalno, nato se je to prelevilo v bolj resno delo. 2010 sem se spustil v re\u0161evalne vode in za\u010del dobivati znanje kot pripravnik in nato po\u010dasi vodnik re\u0161evalnega psa. Imel sem mo\u017enost sodelovati z zelo dobrimi in\u0161truktorji. Tako na klubskem nivoju, kot na usposabljanjih pri nas in v tujini. Delo s psi me zelo veseli saj sem ob njih zelo pomirjen. Ko jim prisluhnem in resni\u010dno spremljam njihovo govorico telesa za\u010dutim, da je delo s psi na tak\u0161nem nivoju, ki ga imam sedaj posebno poslanstvo in privilegij&#8230;.<\/p>\n\n\n\n<p><strong>Sla\u0111ana <\/strong>:<br>\u017de od nekdaj sem imela rada \u017eivali, ampak jih nisem imela mo\u017enosti imeti. Ko sem spoznala mo\u017ea Mitja, so se stvari spremenile. Takoj sem vzljubila delo s psi. Prvotno sem se samo udele\u017eevala treningov z mo\u017eem Mitjem in pomagala pri razli\u010dnih situacijah. Kmalu pa sem si za\u017eelela tudi svojega ku\u017eka. Tudi jaz sem imela \u017eeljo delati re\u0161evanje in neko\u010d nekomu pomagati v stiski.<br>In tako se nam je pridru\u017eila moja psi\u010dka Inca, ki ima sedaj osem let in sva re\u0161evalni par \u017ee \u0161tiri leta.<br>Pri delu s psi se iz dneva v dan nau\u010dimo nekaj novega in to\u010dno to me \u017eene naprej, da to po\u010dnem in, da se nadgrajujem.<br>Od Mitja sem se veliko nau\u010dila in \u0161e vedno je moj idol in moj u\u010ditelj v pasjem svetu.<br>Skupaj pa sva zelo dober tim in se pri tem izpopolnjujeva.<\/p>\n\n\n\n<p><strong>Lara :<\/strong><br>Sem \u010dlanica dru\u017eine, ki se \u017ee zelo dolgo ukvarja s psi . Doma imamo pravo pasje krdelo, kar mi zelo ugaja&#8230;.. Sem pa seveda ljubiteljica vseh \u017eivali.<br> Rada poslu\u0161am o\u010detove nasvete in spremljam njegov na\u010din usposabljanja in vzgoje psov. Vedno sem rada pomagala na re\u0161evalnih treningih in sedaj , ko sem ve\u010dja seveda tudi na treningih male \u0161ole. Zelo rada pomagam lastnikom psov, ki se v tej vlogi \u0161e ne znajdejo in jim je vzgoja teh \u017eivalic \u0161e tuja&#8230;..<br><\/p>\n\n\n\n<p><strong>Na\u0161e pasje \u010dlanice:  Nera, Inca, Lu in Billy<\/strong>&#8230;<\/p>\n\n\n\n<div class=\"wp-block-group\"><div class=\"wp-block-group__inner-container is-layout-constrained wp-block-group-is-layout-constrained\">\n<div class=\"wp-block-group\"><div class=\"wp-block-group__inner-container is-layout-constrained wp-block-group-is-layout-constrained\">\n<div class=\"wp-block-columns is-layout-flex wp-container-core-columns-is-layout-9d6595d7 wp-block-columns-is-layout-flex\">\n<div class=\"wp-block-column is-layout-flow wp-block-column-is-layout-flow\" style=\"flex-basis:100%\"><\/div>\n<\/div>\n<\/div><\/div>\n<\/div><\/div>\n\n\n\n<p><\/p>\n","protected":false},"excerpt":{"rendered":"<p>Mitja : \u017de od malih nog se ukvarjam s psi. Prvotno ljubkovalno, nato se je to prelevilo v bolj resno delo. 2010 sem se spustil v re\u0161evalne vode in za\u010del dobivati znanje kot pripravnik in nato po\u010dasi vodnik re\u0161evalnega psa. Imel sem mo\u017enost sodelovati z zelo dobrimi in\u0161truktorji. Tako na klubskem nivoju, kot na usposabljanjih &hellip; <\/p>\n<p class=\"link-more\"><a href=\"https:\/\/veselikosmatincki.si\/?page_id=56\" class=\"more-link\">Preberi ve\u010d<span class=\"screen-reader-text\"> &#8220;Kdo smo Veseli Kosmatin\u010dki ??&#8221;<\/span><\/a><\/p>\n","protected":false},"author":1,"featured_media":0,"parent":0,"menu_order":0,"comment_status":"closed","ping_status":"closed","template":"","meta":{"footnotes":""},"class_list":["post-56","page","type-page","status-publish","hentry"],"_links":{"self":[{"href":"https:\/\/veselikosmatincki.si\/index.php?rest_route=\/wp\/v2\/pages\/56","targetHints":{"allow":["GET"]}}],"collection":[{"href":"https:\/\/veselikosmatincki.si\/index.php?rest_route=\/wp\/v2\/pages"}],"about":[{"href":"https:\/\/veselikosmatincki.si\/index.php?rest_route=\/wp\/v2\/types\/page"}],"author":[{"embeddable":true,"href":"https:\/\/veselikosmatincki.si\/index.php?rest_route=\/wp\/v2\/users\/1"}],"replies":[{"embeddable":true,"href":"https:\/\/veselikosmatincki.si\/index.php?rest_route=%2Fwp%2Fv2%2Fcomments&post=56"}],"version-history":[{"count":8,"href":"https:\/\/veselikosmatincki.si\/index.php?rest_route=\/wp\/v2\/pages\/56\/revisions"}],"predecessor-version":[{"id":173,"href":"https:\/\/veselikosmatincki.si\/index.php?rest_route=\/wp\/v2\/pages\/56\/revisions\/173"}],"wp:attachment":[{"href":"https:\/\/veselikosmatincki.si\/index.php?rest_route=%2Fwp%2Fv2%2Fmedia&parent=56"}],"curies":[{"name":"wp","href":"https:\/\/api.w.org\/{rel}","templated":true}]}}